{"id":5940,"date":"2024-01-10T05:59:21","date_gmt":"2024-01-10T05:59:21","guid":{"rendered":"https:\/\/amberremedia.ee\/?post_type=product&#038;p=5940"},"modified":"2024-05-30T12:46:38","modified_gmt":"2024-05-30T12:46:38","slug":"amarertto-amore-likoor","status":"publish","type":"product","link":"https:\/\/amberremedia.ee\/ru\/product\/likoor\/amarertto-amore-likoor\/","title":{"rendered":"Amaretto Amore Lik\u00f6\u00f6r"},"content":{"rendered":"<p>Amaretto Amore on elegantne ja magusa mandli maitsega lik\u00f6\u00f6r.\u00a0\u00d5rn karamelline n\u00fcanss t\u00e4iustab tugevat mandlimaitset, lisades lik\u00f6\u00f6rile magusust ja pehmust.<\/p>\n<p>Lisaks tavap\u00e4rasele lik\u00f6\u00f6ri tarbimisele sobib see mandlimaitseline lik\u00f6\u00f6r h\u00e4sti mitmesuguste kookide ja magustoitude maitsestamiseks.<\/p>\n<p><a href=\"https:\/\/amberremedia.ee\/wp-content\/uploads\/2024\/01\/21_Amaretto-Amore.pdf\" target=\"_blank\" rel=\"noopener\">TOOTELEHT (pdf)<\/a><\/p>\n","protected":false},"excerpt":{"rendered":"<p>Amaretto Amore on elegantne ja magusa mandli maitsega lik\u00f6\u00f6r.\u00a0\u00d5rn karamelline n\u00fcanss t\u00e4iustab tugevat mandlimaitset, lisades lik\u00f6\u00f6rile magusust ja pehmust. Lisaks tavap\u00e4rasele lik\u00f6\u00f6ri tarbimisele sobib see mandlimaitseline lik\u00f6\u00f6r h\u00e4sti mitmesuguste kookide&#8230;<\/p>\n","protected":false},"featured_media":5934,"template":"","meta":{"inline_featured_image":false},"product_cat":[679],"product_tag":[],"acf":[],"_links":{"self":[{"href":"https:\/\/amberremedia.ee\/ru\/wp-json\/wp\/v2\/product\/5940"}],"collection":[{"href":"https:\/\/amberremedia.ee\/ru\/wp-json\/wp\/v2\/product"}],"about":[{"href":"https:\/\/amberremedia.ee\/ru\/wp-json\/wp\/v2\/types\/product"}],"wp:featuredmedia":[{"embeddable":true,"href":"https:\/\/amberremedia.ee\/ru\/wp-json\/wp\/v2\/media\/5934"}],"wp:attachment":[{"href":"https:\/\/amberremedia.ee\/ru\/wp-json\/wp\/v2\/media?parent=5940"}],"wp:term":[{"taxonomy":"product_cat","embeddable":true,"href":"https:\/\/amberremedia.ee\/ru\/wp-json\/wp\/v2\/product_cat?post=5940"},{"taxonomy":"product_tag","embeddable":true,"href":"https:\/\/amberremedia.ee\/ru\/wp-json\/wp\/v2\/product_tag?post=5940"}],"curies":[{"name":"wp","href":"https:\/\/api.w.org\/{rel}","templated":true}]}}