{"id":5753,"date":"2023-08-17T12:40:39","date_gmt":"2023-08-17T12:40:39","guid":{"rendered":"https:\/\/amberremedia.ee\/?post_type=product&#038;p=5753"},"modified":"2024-01-12T14:19:38","modified_gmt":"2024-01-12T14:19:38","slug":"reval-metsikud-urdid","status":"publish","type":"product","link":"https:\/\/amberremedia.ee\/ru\/product\/viin\/reval-metsikud-urdid\/","title":{"rendered":"Reval Metsikud \u00dcrdid"},"content":{"rendered":"<p>Maitsestatud viin. Pehme ja kerge maitse annavad \u00fcrdiviinale kuusev\u00f5rsed, l\u00f5hnhein ja p\u00f5drakanep. Inspireeritud p\u00f5hjaranniku metsaniitude \u00fcrtidest ja taimedest.<\/p>\n<p class=\"p1\"><a href=\"https:\/\/amberremedia.ee\/wp-content\/uploads\/2023\/08\/3_Reval-Vodka-Metsikud-U\u0308rdid.pdf\" target=\"_blank\" rel=\"noopener\">TOOTELEHT (pdf)<\/a><\/p>\n<p>&nbsp;<\/p>\n<p>&nbsp;<\/p>\n","protected":false},"excerpt":{"rendered":"<p>Maitsestatud viin. Pehme ja kerge maitse annavad \u00fcrdiviinale kuusev\u00f5rsed, l\u00f5hnhein ja p\u00f5drakanep. Inspireeritud p\u00f5hjaranniku metsaniitude \u00fcrtidest ja taimedest. TOOTELEHT (pdf) &nbsp; &nbsp;<\/p>\n","protected":false},"featured_media":5749,"template":"","meta":{"inline_featured_image":false},"product_cat":[606],"product_tag":[],"acf":[],"_links":{"self":[{"href":"https:\/\/amberremedia.ee\/ru\/wp-json\/wp\/v2\/product\/5753"}],"collection":[{"href":"https:\/\/amberremedia.ee\/ru\/wp-json\/wp\/v2\/product"}],"about":[{"href":"https:\/\/amberremedia.ee\/ru\/wp-json\/wp\/v2\/types\/product"}],"wp:featuredmedia":[{"embeddable":true,"href":"https:\/\/amberremedia.ee\/ru\/wp-json\/wp\/v2\/media\/5749"}],"wp:attachment":[{"href":"https:\/\/amberremedia.ee\/ru\/wp-json\/wp\/v2\/media?parent=5753"}],"wp:term":[{"taxonomy":"product_cat","embeddable":true,"href":"https:\/\/amberremedia.ee\/ru\/wp-json\/wp\/v2\/product_cat?post=5753"},{"taxonomy":"product_tag","embeddable":true,"href":"https:\/\/amberremedia.ee\/ru\/wp-json\/wp\/v2\/product_tag?post=5753"}],"curies":[{"name":"wp","href":"https:\/\/api.w.org\/{rel}","templated":true}]}}