{"id":4875,"date":"2021-10-08T19:21:57","date_gmt":"2021-10-08T19:21:57","guid":{"rendered":"https:\/\/amberremedia.ee\/product\/uncategorized\/barbuda-black\/"},"modified":"2021-10-08T19:25:00","modified_gmt":"2021-10-08T19:25:00","slug":"barbuda-black","status":"publish","type":"product","link":"https:\/\/amberremedia.ee\/ru\/product\/%d1%80%d0%be%d0%bc\/barbuda-black\/","title":{"rendered":"Barbuda Black"},"content":{"rendered":"<p>Aroomis on tunda apelsini, r\u00f6stitud maap\u00e4hklit ning kergeid vanilli toone. Maitse on kergelt v\u00fcrtsikas, vanilli alatooniga ning j\u00e4relmaitse on magus-v\u00fcrtsikas.<\/p>\n","protected":false},"excerpt":{"rendered":"<p>Aroomis on tunda apelsini, r\u00f6stitud maap\u00e4hklit ning kergeid vanilli toone. Maitse on kergelt v\u00fcrtsikas, vanilli alatooniga ning j\u00e4relmaitse on magus-v\u00fcrtsikas.<\/p>\n","protected":false},"featured_media":5674,"template":"","meta":{"inline_featured_image":false},"product_cat":[693],"product_tag":[],"acf":[],"_links":{"self":[{"href":"https:\/\/amberremedia.ee\/ru\/wp-json\/wp\/v2\/product\/4875"}],"collection":[{"href":"https:\/\/amberremedia.ee\/ru\/wp-json\/wp\/v2\/product"}],"about":[{"href":"https:\/\/amberremedia.ee\/ru\/wp-json\/wp\/v2\/types\/product"}],"wp:featuredmedia":[{"embeddable":true,"href":"https:\/\/amberremedia.ee\/ru\/wp-json\/wp\/v2\/media\/5674"}],"wp:attachment":[{"href":"https:\/\/amberremedia.ee\/ru\/wp-json\/wp\/v2\/media?parent=4875"}],"wp:term":[{"taxonomy":"product_cat","embeddable":true,"href":"https:\/\/amberremedia.ee\/ru\/wp-json\/wp\/v2\/product_cat?post=4875"},{"taxonomy":"product_tag","embeddable":true,"href":"https:\/\/amberremedia.ee\/ru\/wp-json\/wp\/v2\/product_tag?post=4875"}],"curies":[{"name":"wp","href":"https:\/\/api.w.org\/{rel}","templated":true}]}}