{"id":4853,"date":"2021-10-08T19:11:27","date_gmt":"2021-10-08T19:11:27","guid":{"rendered":"https:\/\/amberremedia.ee\/?post_type=product&#038;p=4853"},"modified":"2021-10-08T19:12:52","modified_gmt":"2021-10-08T19:12:52","slug":"barbuda-white","status":"publish","type":"product","link":"https:\/\/amberremedia.ee\/ru\/product\/rum\/barbuda-white\/","title":{"rendered":"Barbuda White"},"content":{"rendered":"<p>Aroomis on tunda apelsini, r\u00f6stitud maap\u00e4hklit ning kergeid vanilli toone. Maitse on kergelt v\u00fcrtsikas, vanilli alatooniga ning j\u00e4relmaitse on magus-v\u00fcrtsikas.<\/p>\n","protected":false},"excerpt":{"rendered":"<p>Aroomis on tunda apelsini, r\u00f6stitud maap\u00e4hklit ning kergeid vanilli toone. Maitse on kergelt v\u00fcrtsikas, vanilli alatooniga ning j\u00e4relmaitse on magus-v\u00fcrtsikas.<\/p>\n","protected":false},"featured_media":5671,"template":"","meta":{"inline_featured_image":false},"product_cat":[693],"product_tag":[],"acf":[],"_links":{"self":[{"href":"https:\/\/amberremedia.ee\/ru\/wp-json\/wp\/v2\/product\/4853"}],"collection":[{"href":"https:\/\/amberremedia.ee\/ru\/wp-json\/wp\/v2\/product"}],"about":[{"href":"https:\/\/amberremedia.ee\/ru\/wp-json\/wp\/v2\/types\/product"}],"wp:featuredmedia":[{"embeddable":true,"href":"https:\/\/amberremedia.ee\/ru\/wp-json\/wp\/v2\/media\/5671"}],"wp:attachment":[{"href":"https:\/\/amberremedia.ee\/ru\/wp-json\/wp\/v2\/media?parent=4853"}],"wp:term":[{"taxonomy":"product_cat","embeddable":true,"href":"https:\/\/amberremedia.ee\/ru\/wp-json\/wp\/v2\/product_cat?post=4853"},{"taxonomy":"product_tag","embeddable":true,"href":"https:\/\/amberremedia.ee\/ru\/wp-json\/wp\/v2\/product_tag?post=4853"}],"curies":[{"name":"wp","href":"https:\/\/api.w.org\/{rel}","templated":true}]}}