{"id":4576,"date":"2021-10-08T12:09:21","date_gmt":"2021-10-08T12:11:43","guid":{"rendered":"https:\/\/amberremedia.ee\/?post_type=product&#038;p=4576"},"modified":"2023-04-17T13:04:13","modified_gmt":"2023-04-17T13:04:13","slug":"reval-london-dry-gin-premium-edition","status":"publish","type":"product","link":"https:\/\/amberremedia.ee\/ru\/product\/%d0%b4%d0%b6%d0%b8%d0%bd\/reval-london-dry-gin-premium-edition\/","title":{"rendered":"Reval London Dry Gin Premium Edition"},"content":{"rendered":"<p>Reval London Dry Gin Premium Edition on Eesti esimene kohalik\u00a0<i>London <\/i><i>dry<\/i>\u00a0d\u017einn.<\/p>\n<p>Toode j\u00e4tkab tuntud\u00a0<i>London <\/i><i>dry<\/i> <i>gin<\/i><i>\u00a0<\/i>\u00a0tavasid, s.t. on kuiv, ei sisalda suhkrut ja retseptis on kasutatud vaid kadakamarju, mis annab Reval London Dry Gin&#8217;le puhta ja karge maitse ning aroomi.<\/p>\n<p>Lisaks\u00a0eristuv 47% vol kangus. Tegemist on baarmenite seas hinnatud suurep\u00e4rase koostisosana kokteilides ja erinevates segujookides.<\/p>\n<p>Olgu \u00f6eldud, et London Dry Gin&#8217;i v\u00f5ib valmistada \u00fcksk\u00f5ik kus maailmas, mitte ainult Londonis!<\/p>\n","protected":false},"excerpt":{"rendered":"<p>Reval London Dry Gin Premium Edition on Eesti esimene kohalik\u00a0London dry\u00a0d\u017einn. Toode j\u00e4tkab tuntud\u00a0London dry gin\u00a0\u00a0tavasid, s.t. on kuiv, ei sisalda suhkrut ja retseptis on kasutatud vaid kadakamarju, mis annab&#8230;<\/p>\n","protected":false},"featured_media":4574,"template":"","meta":{"inline_featured_image":false},"product_cat":[645],"product_tag":[],"acf":[],"_links":{"self":[{"href":"https:\/\/amberremedia.ee\/ru\/wp-json\/wp\/v2\/product\/4576"}],"collection":[{"href":"https:\/\/amberremedia.ee\/ru\/wp-json\/wp\/v2\/product"}],"about":[{"href":"https:\/\/amberremedia.ee\/ru\/wp-json\/wp\/v2\/types\/product"}],"wp:featuredmedia":[{"embeddable":true,"href":"https:\/\/amberremedia.ee\/ru\/wp-json\/wp\/v2\/media\/4574"}],"wp:attachment":[{"href":"https:\/\/amberremedia.ee\/ru\/wp-json\/wp\/v2\/media?parent=4576"}],"wp:term":[{"taxonomy":"product_cat","embeddable":true,"href":"https:\/\/amberremedia.ee\/ru\/wp-json\/wp\/v2\/product_cat?post=4576"},{"taxonomy":"product_tag","embeddable":true,"href":"https:\/\/amberremedia.ee\/ru\/wp-json\/wp\/v2\/product_tag?post=4576"}],"curies":[{"name":"wp","href":"https:\/\/api.w.org\/{rel}","templated":true}]}}