{"id":6012,"date":"2024-05-17T08:56:42","date_gmt":"2024-05-17T08:56:42","guid":{"rendered":"https:\/\/amberremedia.ee\/?post_type=product&#038;p=6012"},"modified":"2024-05-17T11:00:27","modified_gmt":"2024-05-17T11:00:27","slug":"saare-ois-distilled-gin","status":"publish","type":"product","link":"https:\/\/amberremedia.ee\/et\/product\/dzinn\/saare-ois-distilled-gin\/","title":{"rendered":"Saare \u00d5is Distilled Gin"},"content":{"rendered":"<p>Leedri\u00f5ied ja tsitrused.<\/p>\n<p>Valmistatud parimast teraviljapiiritusest, kristallselgest p\u00f5hjaveest ning hoolikalt valitud kadakamarjadest.<br \/>\nKergelt magusa alatooniga lilleline destilleeritud d\u017einn, mille maitses ja aroomis on tunda leedri\u00f5ite aromaatsust ja pomelo noote.<\/p>\n<p>Serveerida koos kvaliteetse tooniku ja j\u00e4\u00e4ga klassikalises d\u017einntoonik kokteilis lisades sidruniviilu.<\/p>\n","protected":false},"excerpt":{"rendered":"<p>Leedri\u00f5ied ja tsitrused. Valmistatud parimast teraviljapiiritusest, kristallselgest p\u00f5hjaveest ning hoolikalt valitud kadakamarjadest. Kergelt magusa alatooniga lilleline destilleeritud d\u017einn, mille maitses ja aroomis on tunda leedri\u00f5ite aromaatsust ja pomelo noote. Serveerida&#8230;<\/p>\n","protected":false},"featured_media":6016,"template":"","meta":{"inline_featured_image":false},"product_cat":[642],"product_tag":[],"acf":[],"_links":{"self":[{"href":"https:\/\/amberremedia.ee\/et\/wp-json\/wp\/v2\/product\/6012"}],"collection":[{"href":"https:\/\/amberremedia.ee\/et\/wp-json\/wp\/v2\/product"}],"about":[{"href":"https:\/\/amberremedia.ee\/et\/wp-json\/wp\/v2\/types\/product"}],"wp:featuredmedia":[{"embeddable":true,"href":"https:\/\/amberremedia.ee\/et\/wp-json\/wp\/v2\/media\/6016"}],"wp:attachment":[{"href":"https:\/\/amberremedia.ee\/et\/wp-json\/wp\/v2\/media?parent=6012"}],"wp:term":[{"taxonomy":"product_cat","embeddable":true,"href":"https:\/\/amberremedia.ee\/et\/wp-json\/wp\/v2\/product_cat?post=6012"},{"taxonomy":"product_tag","embeddable":true,"href":"https:\/\/amberremedia.ee\/et\/wp-json\/wp\/v2\/product_tag?post=6012"}],"curies":[{"name":"wp","href":"https:\/\/api.w.org\/{rel}","templated":true}]}}