{"id":5912,"date":"2024-01-04T08:07:15","date_gmt":"2024-01-04T08:07:15","guid":{"rendered":"https:\/\/amberremedia.ee\/?post_type=product&#038;p=5912"},"modified":"2024-01-12T13:35:21","modified_gmt":"2024-01-12T13:35:21","slug":"greibi-likoor-copy","status":"publish","type":"product","link":"https:\/\/amberremedia.ee\/et\/product\/liqueur\/greibi-likoor-copy\/","title":{"rendered":"Mango Passioni Lik\u00f6\u00f6r"},"content":{"rendered":"<p>Magushapuka passionivilja aroomi ja maitsega lik\u00f6\u00f6r, mille maitset t\u00e4iendab k\u00fcps mango<\/p>\n<p><a href=\"https:\/\/amberremedia.ee\/wp-content\/uploads\/2024\/01\/22_12_Mango-passioni.pdf\" target=\"_blank\" rel=\"noopener\">TOOTELEHT (pdf)<\/a><\/p>\n<p class=\"p1\">\n","protected":false},"excerpt":{"rendered":"<p>Magushapuka passionivilja aroomi ja maitsega lik\u00f6\u00f6r, mille maitset t\u00e4iendab k\u00fcps mango TOOTELEHT (pdf)<\/p>\n","protected":false},"featured_media":5908,"template":"","meta":{"inline_featured_image":false},"product_cat":[679],"product_tag":[],"acf":[],"_links":{"self":[{"href":"https:\/\/amberremedia.ee\/et\/wp-json\/wp\/v2\/product\/5912"}],"collection":[{"href":"https:\/\/amberremedia.ee\/et\/wp-json\/wp\/v2\/product"}],"about":[{"href":"https:\/\/amberremedia.ee\/et\/wp-json\/wp\/v2\/types\/product"}],"wp:featuredmedia":[{"embeddable":true,"href":"https:\/\/amberremedia.ee\/et\/wp-json\/wp\/v2\/media\/5908"}],"wp:attachment":[{"href":"https:\/\/amberremedia.ee\/et\/wp-json\/wp\/v2\/media?parent=5912"}],"wp:term":[{"taxonomy":"product_cat","embeddable":true,"href":"https:\/\/amberremedia.ee\/et\/wp-json\/wp\/v2\/product_cat?post=5912"},{"taxonomy":"product_tag","embeddable":true,"href":"https:\/\/amberremedia.ee\/et\/wp-json\/wp\/v2\/product_tag?post=5912"}],"curies":[{"name":"wp","href":"https:\/\/api.w.org\/{rel}","templated":true}]}}