{"id":5752,"date":"2023-08-17T12:36:44","date_gmt":"2023-08-17T12:36:44","guid":{"rendered":"https:\/\/amberremedia.ee\/?post_type=product&#038;p=5752"},"modified":"2024-01-12T14:20:24","modified_gmt":"2024-01-12T14:20:24","slug":"reval-sartsakas-johvikas","status":"publish","type":"product","link":"https:\/\/amberremedia.ee\/et\/product\/viin\/reval-sartsakas-johvikas\/","title":{"rendered":"Reval S\u00e4rtsakas J\u00f5hvikas"},"content":{"rendered":"<p>Maitsestatud viin. Inspireeritud mahlastest ja k\u00fcpsetest rabaj\u00f5hvikatest. Kergelt magusa alatooniga ja s\u00e4rtsaka j\u00f5hvika maitseline viin<\/p>\n<p class=\"p1\"><a href=\"https:\/\/amberremedia.ee\/wp-content\/uploads\/2023\/08\/2_Reval-Vodka-Sa\u0308rtsakas-Jo\u0303hvikas.pdf\" target=\"_blank\" rel=\"noopener\">TOOTELEHT (pdf)<\/a><\/p>\n","protected":false},"excerpt":{"rendered":"<p>Maitsestatud viin. Inspireeritud mahlastest ja k\u00fcpsetest rabaj\u00f5hvikatest. Kergelt magusa alatooniga ja s\u00e4rtsaka j\u00f5hvika maitseline viin TOOTELEHT (pdf)<\/p>\n","protected":false},"featured_media":5746,"template":"","meta":{"inline_featured_image":false},"product_cat":[606],"product_tag":[],"acf":[],"_links":{"self":[{"href":"https:\/\/amberremedia.ee\/et\/wp-json\/wp\/v2\/product\/5752"}],"collection":[{"href":"https:\/\/amberremedia.ee\/et\/wp-json\/wp\/v2\/product"}],"about":[{"href":"https:\/\/amberremedia.ee\/et\/wp-json\/wp\/v2\/types\/product"}],"wp:featuredmedia":[{"embeddable":true,"href":"https:\/\/amberremedia.ee\/et\/wp-json\/wp\/v2\/media\/5746"}],"wp:attachment":[{"href":"https:\/\/amberremedia.ee\/et\/wp-json\/wp\/v2\/media?parent=5752"}],"wp:term":[{"taxonomy":"product_cat","embeddable":true,"href":"https:\/\/amberremedia.ee\/et\/wp-json\/wp\/v2\/product_cat?post=5752"},{"taxonomy":"product_tag","embeddable":true,"href":"https:\/\/amberremedia.ee\/et\/wp-json\/wp\/v2\/product_tag?post=5752"}],"curies":[{"name":"wp","href":"https:\/\/api.w.org\/{rel}","templated":true}]}}