{"id":5415,"date":"2023-04-14T06:46:57","date_gmt":"2023-04-14T06:49:29","guid":{"rendered":"https:\/\/amberremedia.ee\/product\/uncategorized\/kiiu-torn-koorelikoor-soolakaramell\/"},"modified":"2024-01-12T14:22:42","modified_gmt":"2024-01-12T14:22:42","slug":"kiiu-torn-koorelikoor-soolakaramell","status":"publish","type":"product","link":"https:\/\/amberremedia.ee\/et\/product\/likoor\/kiiu-torn-koorelikoor-soolakaramell\/","title":{"rendered":"Kiiu Torn Koorelik\u00f6\u00f6r Soolakaramell"},"content":{"rendered":"<p>Kiiu Torn Soolakaramelli pehme ja sametise koorelik\u00f6\u00f6ri maitses on tunda nii magusaid kui soolaseid noote \u00fcheaegselt. Magusa iirise kreemjas maitse on \u00fchendatud kergelt soolaka n\u00fcansiga.<br \/>\nTarbimissoovitus: puhtalt, lisades soovi korral j\u00e4\u00e4d<\/p>\n<p class=\"p1\"><a href=\"https:\/\/amberremedia.ee\/wp-content\/uploads\/2023\/08\/20_Kiiu-Torn-Kooreliko\u0308o\u0308r-Soolakaramell.pdf\" target=\"_blank\" rel=\"noopener\">TOOTELEHT (pdf)<\/a><\/p>\n<p>&nbsp;<\/p>\n","protected":false},"excerpt":{"rendered":"<p>Kiiu Torn Soolakaramelli pehme ja sametise koorelik\u00f6\u00f6ri maitses on tunda nii magusaid kui soolaseid noote \u00fcheaegselt. Magusa iirise kreemjas maitse on \u00fchendatud kergelt soolaka n\u00fcansiga. Tarbimissoovitus: puhtalt, lisades soovi korral&#8230;<\/p>\n","protected":false},"featured_media":5577,"template":"","meta":{"inline_featured_image":false},"product_cat":[679],"product_tag":[],"acf":[],"_links":{"self":[{"href":"https:\/\/amberremedia.ee\/et\/wp-json\/wp\/v2\/product\/5415"}],"collection":[{"href":"https:\/\/amberremedia.ee\/et\/wp-json\/wp\/v2\/product"}],"about":[{"href":"https:\/\/amberremedia.ee\/et\/wp-json\/wp\/v2\/types\/product"}],"wp:featuredmedia":[{"embeddable":true,"href":"https:\/\/amberremedia.ee\/et\/wp-json\/wp\/v2\/media\/5577"}],"wp:attachment":[{"href":"https:\/\/amberremedia.ee\/et\/wp-json\/wp\/v2\/media?parent=5415"}],"wp:term":[{"taxonomy":"product_cat","embeddable":true,"href":"https:\/\/amberremedia.ee\/et\/wp-json\/wp\/v2\/product_cat?post=5415"},{"taxonomy":"product_tag","embeddable":true,"href":"https:\/\/amberremedia.ee\/et\/wp-json\/wp\/v2\/product_tag?post=5415"}],"curies":[{"name":"wp","href":"https:\/\/api.w.org\/{rel}","templated":true}]}}