{"id":4886,"date":"2021-10-08T19:32:18","date_gmt":"2021-10-08T19:33:15","guid":{"rendered":"https:\/\/amberremedia.ee\/?post_type=product&#038;p=4886"},"modified":"2024-01-12T14:22:53","modified_gmt":"2024-01-12T14:22:53","slug":"barbuda-spiced","status":"publish","type":"product","link":"https:\/\/amberremedia.ee\/et\/product\/rum\/barbuda-spiced\/","title":{"rendered":"Barbuda Spiced"},"content":{"rendered":"<p>Barbuda Spiced on erakordne segu parimatest Kariibi rummidest ja mitmetest v\u00fcrtsidest. Julge ja rikkaliku maitsega, kuivatatud puuvilja, ploomide ja apelsini toonidega.<\/p>\n<p>V\u00e4rvuselt kuldne, aroomis on tunda puuvilju ja v\u00fcrtse ning maitse on magus-v\u00fcrtsikas ning tunda on tsitruselisi ning puuvilju.<\/p>\n<p class=\"p1\"><a href=\"https:\/\/amberremedia.ee\/wp-content\/uploads\/2023\/08\/17_Barbuda-Spiced.pdf\" target=\"_blank\" rel=\"noopener\">TOOTELEHT (pdf)<\/a><\/p>\n","protected":false},"excerpt":{"rendered":"<p>Barbuda Spiced on erakordne segu parimatest Kariibi rummidest ja mitmetest v\u00fcrtsidest. Julge ja rikkaliku maitsega, kuivatatud puuvilja, ploomide ja apelsini toonidega. V\u00e4rvuselt kuldne, aroomis on tunda puuvilju ja v\u00fcrtse ning&#8230;<\/p>\n","protected":false},"featured_media":4884,"template":"","meta":{"inline_featured_image":false},"product_cat":[692],"product_tag":[],"acf":[],"_links":{"self":[{"href":"https:\/\/amberremedia.ee\/et\/wp-json\/wp\/v2\/product\/4886"}],"collection":[{"href":"https:\/\/amberremedia.ee\/et\/wp-json\/wp\/v2\/product"}],"about":[{"href":"https:\/\/amberremedia.ee\/et\/wp-json\/wp\/v2\/types\/product"}],"wp:featuredmedia":[{"embeddable":true,"href":"https:\/\/amberremedia.ee\/et\/wp-json\/wp\/v2\/media\/4884"}],"wp:attachment":[{"href":"https:\/\/amberremedia.ee\/et\/wp-json\/wp\/v2\/media?parent=4886"}],"wp:term":[{"taxonomy":"product_cat","embeddable":true,"href":"https:\/\/amberremedia.ee\/et\/wp-json\/wp\/v2\/product_cat?post=4886"},{"taxonomy":"product_tag","embeddable":true,"href":"https:\/\/amberremedia.ee\/et\/wp-json\/wp\/v2\/product_tag?post=4886"}],"curies":[{"name":"wp","href":"https:\/\/api.w.org\/{rel}","templated":true}]}}