{"id":4871,"date":"2021-10-08T19:21:57","date_gmt":"2021-10-08T19:21:57","guid":{"rendered":"https:\/\/amberremedia.ee\/product\/uncategorized\/barbuda-black\/"},"modified":"2024-01-12T14:23:03","modified_gmt":"2024-01-12T14:23:03","slug":"barbuda-black","status":"publish","type":"product","link":"https:\/\/amberremedia.ee\/et\/product\/rum\/barbuda-black\/","title":{"rendered":"Barbuda Black"},"content":{"rendered":"<p>Aroomis on tunda apelsini, r\u00f6stitud maap\u00e4hklit ning kergeid vanilli toone. Maitse on kergelt v\u00fcrtsikas, vanilli alatooniga ning j\u00e4relmaitse on magus-v\u00fcrtsikas.<\/p>\n<p class=\"p1\"><a href=\"https:\/\/amberremedia.ee\/wp-content\/uploads\/2023\/08\/16_Barbuda-Black-Rum.pdf\" target=\"_blank\" rel=\"noopener\">TOOTELEHT (pdf)<\/a><\/p>\n","protected":false},"excerpt":{"rendered":"<p>Aroomis on tunda apelsini, r\u00f6stitud maap\u00e4hklit ning kergeid vanilli toone. Maitse on kergelt v\u00fcrtsikas, vanilli alatooniga ning j\u00e4relmaitse on magus-v\u00fcrtsikas. TOOTELEHT (pdf)<\/p>\n","protected":false},"featured_media":5672,"template":"","meta":{"inline_featured_image":false},"product_cat":[692],"product_tag":[],"acf":[],"_links":{"self":[{"href":"https:\/\/amberremedia.ee\/et\/wp-json\/wp\/v2\/product\/4871"}],"collection":[{"href":"https:\/\/amberremedia.ee\/et\/wp-json\/wp\/v2\/product"}],"about":[{"href":"https:\/\/amberremedia.ee\/et\/wp-json\/wp\/v2\/types\/product"}],"wp:featuredmedia":[{"embeddable":true,"href":"https:\/\/amberremedia.ee\/et\/wp-json\/wp\/v2\/media\/5672"}],"wp:attachment":[{"href":"https:\/\/amberremedia.ee\/et\/wp-json\/wp\/v2\/media?parent=4871"}],"wp:term":[{"taxonomy":"product_cat","embeddable":true,"href":"https:\/\/amberremedia.ee\/et\/wp-json\/wp\/v2\/product_cat?post=4871"},{"taxonomy":"product_tag","embeddable":true,"href":"https:\/\/amberremedia.ee\/et\/wp-json\/wp\/v2\/product_tag?post=4871"}],"curies":[{"name":"wp","href":"https:\/\/api.w.org\/{rel}","templated":true}]}}