{"id":4832,"date":"2021-10-08T18:10:45","date_gmt":"2021-10-08T18:10:45","guid":{"rendered":"https:\/\/amberremedia.ee\/product\/uncategorized\/grapefruit-liqueur\/"},"modified":"2024-01-12T14:24:01","modified_gmt":"2024-01-12T14:24:01","slug":"grapefruit-liqueur","status":"publish","type":"product","link":"https:\/\/amberremedia.ee\/et\/product\/liqueur\/grapefruit-liqueur\/","title":{"rendered":"Greibi lik\u00f6\u00f6r"},"content":{"rendered":"<p>Punase greibi maitseline ja v\u00e4rskete tsirtruseliste aroomiga lik\u00f6\u00f6r.<\/p>\n<p class=\"p1\"><a href=\"https:\/\/amberremedia.ee\/wp-content\/uploads\/2023\/08\/22_10_Greibi-Liko\u0308o\u0308r.pdf\" target=\"_blank\" rel=\"noopener\">TOOTELEHT (pdf)<\/a><\/p>\n","protected":false},"excerpt":{"rendered":"<p>Punase greibi maitseline ja v\u00e4rskete tsirtruseliste aroomiga lik\u00f6\u00f6r. TOOTELEHT (pdf)<\/p>\n","protected":false},"featured_media":5681,"template":"","meta":{"inline_featured_image":false},"product_cat":[679],"product_tag":[],"acf":[],"_links":{"self":[{"href":"https:\/\/amberremedia.ee\/et\/wp-json\/wp\/v2\/product\/4832"}],"collection":[{"href":"https:\/\/amberremedia.ee\/et\/wp-json\/wp\/v2\/product"}],"about":[{"href":"https:\/\/amberremedia.ee\/et\/wp-json\/wp\/v2\/types\/product"}],"wp:featuredmedia":[{"embeddable":true,"href":"https:\/\/amberremedia.ee\/et\/wp-json\/wp\/v2\/media\/5681"}],"wp:attachment":[{"href":"https:\/\/amberremedia.ee\/et\/wp-json\/wp\/v2\/media?parent=4832"}],"wp:term":[{"taxonomy":"product_cat","embeddable":true,"href":"https:\/\/amberremedia.ee\/et\/wp-json\/wp\/v2\/product_cat?post=4832"},{"taxonomy":"product_tag","embeddable":true,"href":"https:\/\/amberremedia.ee\/et\/wp-json\/wp\/v2\/product_tag?post=4832"}],"curies":[{"name":"wp","href":"https:\/\/api.w.org\/{rel}","templated":true}]}}