{"id":4825,"date":"2021-10-08T18:03:35","date_gmt":"2021-10-08T18:03:35","guid":{"rendered":"https:\/\/amberremedia.ee\/product\/uncategorized\/rhubarb-liqueur\/"},"modified":"2024-10-24T06:16:30","modified_gmt":"2024-10-24T06:16:30","slug":"rhubarb-liqueur","status":"publish","type":"product","link":"https:\/\/amberremedia.ee\/et\/product\/liqueur\/rhubarb-liqueur\/","title":{"rendered":"Rabarberi lik\u00f6\u00f6r"},"content":{"rendered":"<p>V\u00e4rske rabarberi aroomiga rabarberimaitseline lik\u00f6\u00f6r.<\/p>\n<p class=\"p1\"><a href=\"https:\/\/amberremedia.ee\/wp-content\/uploads\/2023\/08\/22_11_Rabarberi-Liko\u0308o\u0308r.pdf\" target=\"_blank\" rel=\"noopener\">TOOTELEHT (pdf)<\/a><\/p>\n","protected":false},"excerpt":{"rendered":"<p>V\u00e4rske rabarberi aroomiga rabarberimaitseline lik\u00f6\u00f6r. TOOTELEHT (pdf)<\/p>\n","protected":false},"featured_media":6055,"template":"","meta":{"inline_featured_image":false},"product_cat":[679],"product_tag":[],"acf":[],"_links":{"self":[{"href":"https:\/\/amberremedia.ee\/et\/wp-json\/wp\/v2\/product\/4825"}],"collection":[{"href":"https:\/\/amberremedia.ee\/et\/wp-json\/wp\/v2\/product"}],"about":[{"href":"https:\/\/amberremedia.ee\/et\/wp-json\/wp\/v2\/types\/product"}],"wp:featuredmedia":[{"embeddable":true,"href":"https:\/\/amberremedia.ee\/et\/wp-json\/wp\/v2\/media\/6055"}],"wp:attachment":[{"href":"https:\/\/amberremedia.ee\/et\/wp-json\/wp\/v2\/media?parent=4825"}],"wp:term":[{"taxonomy":"product_cat","embeddable":true,"href":"https:\/\/amberremedia.ee\/et\/wp-json\/wp\/v2\/product_cat?post=4825"},{"taxonomy":"product_tag","embeddable":true,"href":"https:\/\/amberremedia.ee\/et\/wp-json\/wp\/v2\/product_tag?post=4825"}],"curies":[{"name":"wp","href":"https:\/\/api.w.org\/{rel}","templated":true}]}}