{"id":4794,"date":"2021-10-08T17:32:56","date_gmt":"2021-10-08T17:32:56","guid":{"rendered":"https:\/\/amberremedia.ee\/product\/uncategorized\/cloudberry-liqueur\/"},"modified":"2024-01-12T14:26:24","modified_gmt":"2024-01-12T14:26:24","slug":"cloudberry-liqueur","status":"publish","type":"product","link":"https:\/\/amberremedia.ee\/et\/product\/likoor\/cloudberry-liqueur\/","title":{"rendered":"Murakalik\u00f6\u00f6r"},"content":{"rendered":"<p>Meeldivalt marjase aroomiga murakamaitseline lik\u00f6\u00f6r.<\/p>\n<p class=\"p1\"><a href=\"https:\/\/amberremedia.ee\/wp-content\/uploads\/2023\/08\/22_5_Muraka-Liko\u0308o\u0308r.pdf\" target=\"_blank\" rel=\"noopener\">TOOTELEHT (pdf)<\/a><\/p>\n","protected":false},"excerpt":{"rendered":"<p>Meeldivalt marjase aroomiga murakamaitseline lik\u00f6\u00f6r. TOOTELEHT (pdf)<\/p>\n","protected":false},"featured_media":5696,"template":"","meta":{"inline_featured_image":false},"product_cat":[679],"product_tag":[],"acf":[],"_links":{"self":[{"href":"https:\/\/amberremedia.ee\/et\/wp-json\/wp\/v2\/product\/4794"}],"collection":[{"href":"https:\/\/amberremedia.ee\/et\/wp-json\/wp\/v2\/product"}],"about":[{"href":"https:\/\/amberremedia.ee\/et\/wp-json\/wp\/v2\/types\/product"}],"wp:featuredmedia":[{"embeddable":true,"href":"https:\/\/amberremedia.ee\/et\/wp-json\/wp\/v2\/media\/5696"}],"wp:attachment":[{"href":"https:\/\/amberremedia.ee\/et\/wp-json\/wp\/v2\/media?parent=4794"}],"wp:term":[{"taxonomy":"product_cat","embeddable":true,"href":"https:\/\/amberremedia.ee\/et\/wp-json\/wp\/v2\/product_cat?post=4794"},{"taxonomy":"product_tag","embeddable":true,"href":"https:\/\/amberremedia.ee\/et\/wp-json\/wp\/v2\/product_tag?post=4794"}],"curies":[{"name":"wp","href":"https:\/\/api.w.org\/{rel}","templated":true}]}}