{"id":4785,"date":"2021-10-08T17:24:32","date_gmt":"2021-10-08T17:24:32","guid":{"rendered":"https:\/\/amberremedia.ee\/product\/uncategorized\/coffee-liqueur\/"},"modified":"2024-01-12T14:26:32","modified_gmt":"2024-01-12T14:26:32","slug":"coffee-liqueur","status":"publish","type":"product","link":"https:\/\/amberremedia.ee\/et\/product\/likoor\/coffee-liqueur\/","title":{"rendered":"Kohvilik\u00f6\u00f6r"},"content":{"rendered":"<p>Ergutavate aroomidega Moka ja piimakohvi maitsen\u00fcanssidega lik\u00f6\u00f6r.<\/p>\n<p class=\"p1\"><a href=\"https:\/\/amberremedia.ee\/wp-content\/uploads\/2023\/08\/22_9_Kohvi-Liko\u0308o\u0308r.pdf\" target=\"_blank\" rel=\"noopener\">TOOTELEHT (pdf)<\/a><\/p>\n","protected":false},"excerpt":{"rendered":"<p>Ergutavate aroomidega Moka ja piimakohvi maitsen\u00fcanssidega lik\u00f6\u00f6r. TOOTELEHT (pdf)<\/p>\n","protected":false},"featured_media":5690,"template":"","meta":{"inline_featured_image":false},"product_cat":[679],"product_tag":[],"acf":[],"_links":{"self":[{"href":"https:\/\/amberremedia.ee\/et\/wp-json\/wp\/v2\/product\/4785"}],"collection":[{"href":"https:\/\/amberremedia.ee\/et\/wp-json\/wp\/v2\/product"}],"about":[{"href":"https:\/\/amberremedia.ee\/et\/wp-json\/wp\/v2\/types\/product"}],"wp:featuredmedia":[{"embeddable":true,"href":"https:\/\/amberremedia.ee\/et\/wp-json\/wp\/v2\/media\/5690"}],"wp:attachment":[{"href":"https:\/\/amberremedia.ee\/et\/wp-json\/wp\/v2\/media?parent=4785"}],"wp:term":[{"taxonomy":"product_cat","embeddable":true,"href":"https:\/\/amberremedia.ee\/et\/wp-json\/wp\/v2\/product_cat?post=4785"},{"taxonomy":"product_tag","embeddable":true,"href":"https:\/\/amberremedia.ee\/et\/wp-json\/wp\/v2\/product_tag?post=4785"}],"curies":[{"name":"wp","href":"https:\/\/api.w.org\/{rel}","templated":true}]}}