{"id":4771,"date":"2021-10-08T17:03:02","date_gmt":"2021-10-08T17:03:02","guid":{"rendered":"https:\/\/amberremedia.ee\/product\/uncategorized\/cranberry-liqueur\/"},"modified":"2024-01-12T14:28:51","modified_gmt":"2024-01-12T14:28:51","slug":"cranberry-liqueur","status":"publish","type":"product","link":"https:\/\/amberremedia.ee\/et\/product\/likoor\/cranberry-liqueur\/","title":{"rendered":"J\u00f5hvikalik\u00f6\u00f6r"},"content":{"rendered":"<p>Marjase aroomiga j\u00f5hvikamaitseline lik\u00f6\u00f6r.<\/p>\n<p class=\"p1\"><a href=\"https:\/\/amberremedia.ee\/wp-content\/uploads\/2023\/08\/22_2_Jo\u0303hvika-Liko\u0308o\u0308r.pdf\" target=\"_blank\" rel=\"noopener\">TOOTELEHT (pdf)<\/a><\/p>\n","protected":false},"excerpt":{"rendered":"<p>Marjase aroomiga j\u00f5hvikamaitseline lik\u00f6\u00f6r. TOOTELEHT (pdf)<\/p>\n","protected":false},"featured_media":5684,"template":"","meta":{"inline_featured_image":false},"product_cat":[679],"product_tag":[],"acf":[],"_links":{"self":[{"href":"https:\/\/amberremedia.ee\/et\/wp-json\/wp\/v2\/product\/4771"}],"collection":[{"href":"https:\/\/amberremedia.ee\/et\/wp-json\/wp\/v2\/product"}],"about":[{"href":"https:\/\/amberremedia.ee\/et\/wp-json\/wp\/v2\/types\/product"}],"wp:featuredmedia":[{"embeddable":true,"href":"https:\/\/amberremedia.ee\/et\/wp-json\/wp\/v2\/media\/5684"}],"wp:attachment":[{"href":"https:\/\/amberremedia.ee\/et\/wp-json\/wp\/v2\/media?parent=4771"}],"wp:term":[{"taxonomy":"product_cat","embeddable":true,"href":"https:\/\/amberremedia.ee\/et\/wp-json\/wp\/v2\/product_cat?post=4771"},{"taxonomy":"product_tag","embeddable":true,"href":"https:\/\/amberremedia.ee\/et\/wp-json\/wp\/v2\/product_tag?post=4771"}],"curies":[{"name":"wp","href":"https:\/\/api.w.org\/{rel}","templated":true}]}}