{"id":4754,"date":"2021-10-08T16:41:25","date_gmt":"2021-10-08T16:41:25","guid":{"rendered":"https:\/\/amberremedia.ee\/product\/uncategorized\/orange-liqueur\/"},"modified":"2024-01-12T14:29:28","modified_gmt":"2024-01-12T14:29:28","slug":"orange-liqueur","status":"publish","type":"product","link":"https:\/\/amberremedia.ee\/et\/product\/liqueur\/orange-liqueur\/","title":{"rendered":"Apelsinilik\u00f6\u00f6r"},"content":{"rendered":"<p>Tugeva apelsini maitse ja aroomiga\u00a0 lik\u00f6\u00f6r, milles on tunda pisut m\u00f5rkjat apelsinikoore maitset.<\/p>\n<p class=\"p1\"><a href=\"https:\/\/amberremedia.ee\/wp-content\/uploads\/2023\/08\/22_7_Apelsini-Liko\u0308o\u0308r.pdf\" target=\"_blank\" rel=\"noopener\">TOOTELEHT (pdf)<\/a><\/p>\n","protected":false},"excerpt":{"rendered":"<p>Tugeva apelsini maitse ja aroomiga\u00a0 lik\u00f6\u00f6r, milles on tunda pisut m\u00f5rkjat apelsinikoore maitset. TOOTELEHT (pdf)<\/p>\n","protected":false},"featured_media":5675,"template":"","meta":{"inline_featured_image":false},"product_cat":[679],"product_tag":[],"acf":[],"_links":{"self":[{"href":"https:\/\/amberremedia.ee\/et\/wp-json\/wp\/v2\/product\/4754"}],"collection":[{"href":"https:\/\/amberremedia.ee\/et\/wp-json\/wp\/v2\/product"}],"about":[{"href":"https:\/\/amberremedia.ee\/et\/wp-json\/wp\/v2\/types\/product"}],"wp:featuredmedia":[{"embeddable":true,"href":"https:\/\/amberremedia.ee\/et\/wp-json\/wp\/v2\/media\/5675"}],"wp:attachment":[{"href":"https:\/\/amberremedia.ee\/et\/wp-json\/wp\/v2\/media?parent=4754"}],"wp:term":[{"taxonomy":"product_cat","embeddable":true,"href":"https:\/\/amberremedia.ee\/et\/wp-json\/wp\/v2\/product_cat?post=4754"},{"taxonomy":"product_tag","embeddable":true,"href":"https:\/\/amberremedia.ee\/et\/wp-json\/wp\/v2\/product_tag?post=4754"}],"curies":[{"name":"wp","href":"https:\/\/api.w.org\/{rel}","templated":true}]}}