{"id":4741,"date":"2021-10-08T16:29:29","date_gmt":"2021-10-08T16:29:29","guid":{"rendered":"https:\/\/amberremedia.ee\/product\/uncategorized\/kiiu-torn-cream-liqueur\/"},"modified":"2024-01-12T13:12:21","modified_gmt":"2024-01-12T13:12:21","slug":"kiiu-torn-cream-liqueur","status":"publish","type":"product","link":"https:\/\/amberremedia.ee\/et\/product\/likoor\/kiiu-torn-cream-liqueur\/","title":{"rendered":"Kiiu Torn Koorelik\u00f6\u00f6r Vanilje-karamell"},"content":{"rendered":"<p>Kiiu Torn Vanilje-karamelli koorelik\u00f6\u00f6ri maitses on tunda kerget karamelli ning vanilje noote.<\/p>\n<p>Aroomis on rohkem tunda vaniljet.<\/p>\n<p>Tarbimissoovitus: puhtalt, lisades soovi korral j\u00e4\u00e4d. Sobib h\u00e4sti tee v\u00f5i kohvi k\u00f5rvale.<\/p>\n<p>Koorelik\u00f6\u00f6rid s\u00e4ilivad toatemperatuuril v\u00e4hemalt aasta, avatuna hoida k\u00fclmkapis.<\/p>\n<p><a href=\"https:\/\/amberremedia.ee\/wp-content\/uploads\/2023\/08\/19_Kiiu-Torn-Kooreliko\u0308o\u0308r-Vanilje-Karamell.pdf\" target=\"_blank\" rel=\"noopener\">TOOTELEHT (pdf)<\/a><\/p>\n","protected":false},"excerpt":{"rendered":"<p>Kiiu Torn Vanilje-karamelli koorelik\u00f6\u00f6ri maitses on tunda kerget karamelli ning vanilje noote. Aroomis on rohkem tunda vaniljet. Tarbimissoovitus: puhtalt, lisades soovi korral j\u00e4\u00e4d. Sobib h\u00e4sti tee v\u00f5i kohvi k\u00f5rvale. Koorelik\u00f6\u00f6rid&#8230;<\/p>\n","protected":false},"featured_media":5574,"template":"","meta":{"inline_featured_image":false},"product_cat":[679],"product_tag":[],"acf":[],"_links":{"self":[{"href":"https:\/\/amberremedia.ee\/et\/wp-json\/wp\/v2\/product\/4741"}],"collection":[{"href":"https:\/\/amberremedia.ee\/et\/wp-json\/wp\/v2\/product"}],"about":[{"href":"https:\/\/amberremedia.ee\/et\/wp-json\/wp\/v2\/types\/product"}],"wp:featuredmedia":[{"embeddable":true,"href":"https:\/\/amberremedia.ee\/et\/wp-json\/wp\/v2\/media\/5574"}],"wp:attachment":[{"href":"https:\/\/amberremedia.ee\/et\/wp-json\/wp\/v2\/media?parent=4741"}],"wp:term":[{"taxonomy":"product_cat","embeddable":true,"href":"https:\/\/amberremedia.ee\/et\/wp-json\/wp\/v2\/product_cat?post=4741"},{"taxonomy":"product_tag","embeddable":true,"href":"https:\/\/amberremedia.ee\/et\/wp-json\/wp\/v2\/product_tag?post=4741"}],"curies":[{"name":"wp","href":"https:\/\/api.w.org\/{rel}","templated":true}]}}