{"id":4716,"date":"2021-10-08T16:06:56","date_gmt":"2021-10-08T16:06:56","guid":{"rendered":"https:\/\/amberremedia.ee\/product\/uncategorized\/kiiu-torn-egg-cream-liqueur-liqueur\/"},"modified":"2024-01-12T13:13:28","modified_gmt":"2024-01-12T13:13:28","slug":"kiiu-torn-egg-cream-liqueur-liqueur","status":"publish","type":"product","link":"https:\/\/amberremedia.ee\/et\/product\/likoor\/kiiu-torn-egg-cream-liqueur-liqueur\/","title":{"rendered":"Kiiu Torn Munalik\u00f6\u00f6r"},"content":{"rendered":"<p><strong>V\u00e4limus:<\/strong>\u00a0helekollane, kreemjas.<\/p>\n<p><strong>L\u00f5hn ja maitse:<\/strong> magus,\u00a0l\u00f5hnas domineerivad rumm ja vanilje.<\/p>\n<p><span data-ogsc=\"rgb(53, 83, 98)\" data-ogsb=\"white\">Kiiu Torn<span class=\"x_x_Apple-converted-space\" data-ogsc=\"\">\u00a0<\/span><\/span><span data-ogsc=\"rgb(53, 83, 98)\" data-ogsb=\"white\">ainulaadset<\/span><span data-ogsc=\"rgb(53, 83, 98)\" data-ogsb=\"white\"><span class=\"x_x_Apple-converted-space\" data-ogsc=\"\">\u00a0<\/span>munalik\u00f6\u00f6ri valmistatakse past\u00f6riseeritud munakollastest, inverteeritud suhkrusiirupist ja k\u00f5rgekvaliteedilisest <\/span><span data-ogsc=\"rgb(53, 83, 98)\" data-ogsb=\"white\">teraviljapiiritusest<\/span><span data-ogsc=\"rgb(53, 83, 98)\" data-ogsb=\"white\">. Maitse t\u00e4iustamiseks on lisatud rummi ja looduslikke taimeekstrakte. Unikaalne valmistamistehnoloogia ei n\u00f5ua kuumutamist ja seet\u00f5ttu koostisainete meeldivad maitsen\u00fcansid s\u00e4ilivad. <\/span>Munalik\u00f6\u00f6ri v\u00f5ib nautida toatemperatuuril v\u00f5i jahutatult,\u00a0v\u00f5ib\u00a0lisada kohvi v\u00f5i tee hulka ning magustoitudele kastmeks. Paljud perenaised eelistavad munalik\u00f6\u00f6ri kasutada kookide ja tortide k\u00fcpsetamisel.<br \/>\nS\u00e4ilib toatemperatuuril v\u00e4hemalt aasta. Nagu k\u00f5ik munalik\u00f6\u00f6rid, vajab ka Kiiu Torn enne tarvitamist loksutamist.<\/p>\n<p><a href=\"https:\/\/amberremedia.ee\/wp-content\/uploads\/2023\/08\/20_Kiiu-Torn-Munaliko\u0308o\u0308r.pdf\" target=\"_blank\" rel=\"noopener\">TOOTELEHT (pdf)<\/a><\/p>\n","protected":false},"excerpt":{"rendered":"<p>V\u00e4limus:\u00a0helekollane, kreemjas. L\u00f5hn ja maitse: magus,\u00a0l\u00f5hnas domineerivad rumm ja vanilje. Kiiu Torn\u00a0ainulaadset\u00a0munalik\u00f6\u00f6ri valmistatakse past\u00f6riseeritud munakollastest, inverteeritud suhkrusiirupist ja k\u00f5rgekvaliteedilisest teraviljapiiritusest. Maitse t\u00e4iustamiseks on lisatud rummi ja looduslikke taimeekstrakte. Unikaalne valmistamistehnoloogia&#8230;<\/p>\n","protected":false},"featured_media":5571,"template":"","meta":{"inline_featured_image":false},"product_cat":[679],"product_tag":[],"acf":[],"_links":{"self":[{"href":"https:\/\/amberremedia.ee\/et\/wp-json\/wp\/v2\/product\/4716"}],"collection":[{"href":"https:\/\/amberremedia.ee\/et\/wp-json\/wp\/v2\/product"}],"about":[{"href":"https:\/\/amberremedia.ee\/et\/wp-json\/wp\/v2\/types\/product"}],"wp:featuredmedia":[{"embeddable":true,"href":"https:\/\/amberremedia.ee\/et\/wp-json\/wp\/v2\/media\/5571"}],"wp:attachment":[{"href":"https:\/\/amberremedia.ee\/et\/wp-json\/wp\/v2\/media?parent=4716"}],"wp:term":[{"taxonomy":"product_cat","embeddable":true,"href":"https:\/\/amberremedia.ee\/et\/wp-json\/wp\/v2\/product_cat?post=4716"},{"taxonomy":"product_tag","embeddable":true,"href":"https:\/\/amberremedia.ee\/et\/wp-json\/wp\/v2\/product_tag?post=4716"}],"curies":[{"name":"wp","href":"https:\/\/api.w.org\/{rel}","templated":true}]}}