{"id":4697,"date":"2021-10-08T15:54:26","date_gmt":"2021-10-08T15:54:26","guid":{"rendered":"https:\/\/amberremedia.ee\/product\/uncategorized\/urdimeister\/"},"modified":"2024-01-12T13:30:36","modified_gmt":"2024-01-12T13:30:36","slug":"urdimeister","status":"publish","type":"product","link":"https:\/\/amberremedia.ee\/et\/product\/likoor\/urdimeister\/","title":{"rendered":"\u00dcrdimeister"},"content":{"rendered":"<p>\u00dcrdimeistri koostisse kuulub \u00fcle paarik\u00fcmne h\u00e4sti valitud \u00fcrtide ekstrakti. Nendest peamised on: lagritsajuur, t\u00e4htaniisi seemned, tsitruseliste koored, koriander, kaneel, nelk, kadakamari, piparm\u00fcndilehed jpt. \u00fcrtide ekstraktid.<\/p>\n<p><a href=\"https:\/\/amberremedia.ee\/wp-content\/uploads\/2023\/08\/18_U\u0308rdimeister.pdf\" target=\"_blank\" rel=\"noopener\">TOOTELEHT (pdf)<\/a><\/p>\n","protected":false},"excerpt":{"rendered":"<p>\u00dcrdimeistri koostisse kuulub \u00fcle paarik\u00fcmne h\u00e4sti valitud \u00fcrtide ekstrakti. Nendest peamised on: lagritsajuur, t\u00e4htaniisi seemned, tsitruseliste koored, koriander, kaneel, nelk, kadakamari, piparm\u00fcndilehed jpt. \u00fcrtide ekstraktid. TOOTELEHT (pdf)<\/p>\n","protected":false},"featured_media":4695,"template":"","meta":{"inline_featured_image":false},"product_cat":[679],"product_tag":[],"acf":[],"_links":{"self":[{"href":"https:\/\/amberremedia.ee\/et\/wp-json\/wp\/v2\/product\/4697"}],"collection":[{"href":"https:\/\/amberremedia.ee\/et\/wp-json\/wp\/v2\/product"}],"about":[{"href":"https:\/\/amberremedia.ee\/et\/wp-json\/wp\/v2\/types\/product"}],"wp:featuredmedia":[{"embeddable":true,"href":"https:\/\/amberremedia.ee\/et\/wp-json\/wp\/v2\/media\/4695"}],"wp:attachment":[{"href":"https:\/\/amberremedia.ee\/et\/wp-json\/wp\/v2\/media?parent=4697"}],"wp:term":[{"taxonomy":"product_cat","embeddable":true,"href":"https:\/\/amberremedia.ee\/et\/wp-json\/wp\/v2\/product_cat?post=4697"},{"taxonomy":"product_tag","embeddable":true,"href":"https:\/\/amberremedia.ee\/et\/wp-json\/wp\/v2\/product_tag?post=4697"}],"curies":[{"name":"wp","href":"https:\/\/api.w.org\/{rel}","templated":true}]}}