{"id":4624,"date":"2021-10-08T13:00:04","date_gmt":"2021-10-08T13:00:04","guid":{"rendered":"https:\/\/amberremedia.ee\/product\/uncategorized\/saare-roosa-gin\/"},"modified":"2024-01-12T13:08:32","modified_gmt":"2024-01-12T13:08:32","slug":"saare-roosa-gin","status":"publish","type":"product","link":"https:\/\/amberremedia.ee\/et\/product\/gin\/saare-roosa-gin\/","title":{"rendered":"Saare Roosa Gin"},"content":{"rendered":"<p>Saare Roosa Distilled Gin on valmistatud parimast teraviljapiiritusest, kristallselgest p\u00f5hjaveest ning hoolikalt valitud kadakamarjadest.<br \/>\nSaare Roosa maasikamaitseline destilleeritud d\u017einn on esimene maitsed\u017einn Saare Crafted Gin&#8217;i perekonnas.<br \/>\nErk maasikaroosa v\u00e4rvus annab kaugelt vihjeid, mis peitub joogi sisus: magusad maasikased noodid koosk\u00f5las naturaalsete kadakaste d\u017einnitoonidega loovad aluse eriliseks maitseelamuseks.<br \/>\nServeerida koos kvaliteetse tooniku ja j\u00e4\u00e4ga klassikalises d\u017einntoonik kokteilis v\u00f5i ka keerukamates kokteilides.<\/p>\n<p><a href=\"https:\/\/amberremedia.ee\/wp-content\/uploads\/2023\/08\/12_Saare-Roosa-Distilled-Gin.pdf\" target=\"_blank\" rel=\"noopener\">TOOTELEHT (pdf)<\/a><\/p>\n","protected":false},"excerpt":{"rendered":"<p>Saare Roosa Distilled Gin on valmistatud parimast teraviljapiiritusest, kristallselgest p\u00f5hjaveest ning hoolikalt valitud kadakamarjadest. Saare Roosa maasikamaitseline destilleeritud d\u017einn on esimene maitsed\u017einn Saare Crafted Gin&#8217;i perekonnas. Erk maasikaroosa v\u00e4rvus annab&#8230;<\/p>\n","protected":false},"featured_media":5717,"template":"","meta":{"inline_featured_image":false},"product_cat":[642],"product_tag":[],"acf":[],"_links":{"self":[{"href":"https:\/\/amberremedia.ee\/et\/wp-json\/wp\/v2\/product\/4624"}],"collection":[{"href":"https:\/\/amberremedia.ee\/et\/wp-json\/wp\/v2\/product"}],"about":[{"href":"https:\/\/amberremedia.ee\/et\/wp-json\/wp\/v2\/types\/product"}],"wp:featuredmedia":[{"embeddable":true,"href":"https:\/\/amberremedia.ee\/et\/wp-json\/wp\/v2\/media\/5717"}],"wp:attachment":[{"href":"https:\/\/amberremedia.ee\/et\/wp-json\/wp\/v2\/media?parent=4624"}],"wp:term":[{"taxonomy":"product_cat","embeddable":true,"href":"https:\/\/amberremedia.ee\/et\/wp-json\/wp\/v2\/product_cat?post=4624"},{"taxonomy":"product_tag","embeddable":true,"href":"https:\/\/amberremedia.ee\/et\/wp-json\/wp\/v2\/product_tag?post=4624"}],"curies":[{"name":"wp","href":"https:\/\/api.w.org\/{rel}","templated":true}]}}