{"id":4612,"date":"2021-10-08T12:47:40","date_gmt":"2021-10-08T12:47:40","guid":{"rendered":"https:\/\/amberremedia.ee\/product\/uncategorized\/saare-gin\/"},"modified":"2024-01-12T13:09:52","modified_gmt":"2024-01-12T13:09:52","slug":"saare-gin","status":"publish","type":"product","link":"https:\/\/amberremedia.ee\/et\/product\/gin\/saare-gin\/","title":{"rendered":"Saare Distilled Gin"},"content":{"rendered":"<p><strong>Saare Distilled Gin<\/strong> on valmistatud parimast teraviljapiiritusest, kristallselgest p\u00f5hjaveest ning looduspuhtal alal kasvanud ja hoolikalt valitud kadakamarjadest.<\/p>\n<p>See on k\u00e4sit\u00f6\u00f6na valminud destilleeritud d\u017einn, milles tugevat kadakamarja maitset t\u00e4iendab tsitruseliste ja v\u00fcrtside aroom.<\/p>\n<p>Serveerida koos kvaliteetse tooniku ja j\u00e4\u00e4ga klassikalises d\u017einntoonik kokteilis v\u00f5i ka keerukamates kokteilides.<\/p>\n<p><a href=\"https:\/\/amberremedia.ee\/wp-content\/uploads\/2024\/01\/11_Saare-Distilled-Gin.pdf\" target=\"_blank\" rel=\"noopener\">TOOTELEHT (pdf)<\/a><\/p>\n","protected":false},"excerpt":{"rendered":"<p>Saare Distilled Gin on valmistatud parimast teraviljapiiritusest, kristallselgest p\u00f5hjaveest ning looduspuhtal alal kasvanud ja hoolikalt valitud kadakamarjadest. See on k\u00e4sit\u00f6\u00f6na valminud destilleeritud d\u017einn, milles tugevat kadakamarja maitset t\u00e4iendab tsitruseliste ja&#8230;<\/p>\n","protected":false},"featured_media":5714,"template":"","meta":{"inline_featured_image":false},"product_cat":[642],"product_tag":[],"acf":[],"_links":{"self":[{"href":"https:\/\/amberremedia.ee\/et\/wp-json\/wp\/v2\/product\/4612"}],"collection":[{"href":"https:\/\/amberremedia.ee\/et\/wp-json\/wp\/v2\/product"}],"about":[{"href":"https:\/\/amberremedia.ee\/et\/wp-json\/wp\/v2\/types\/product"}],"wp:featuredmedia":[{"embeddable":true,"href":"https:\/\/amberremedia.ee\/et\/wp-json\/wp\/v2\/media\/5714"}],"wp:attachment":[{"href":"https:\/\/amberremedia.ee\/et\/wp-json\/wp\/v2\/media?parent=4612"}],"wp:term":[{"taxonomy":"product_cat","embeddable":true,"href":"https:\/\/amberremedia.ee\/et\/wp-json\/wp\/v2\/product_cat?post=4612"},{"taxonomy":"product_tag","embeddable":true,"href":"https:\/\/amberremedia.ee\/et\/wp-json\/wp\/v2\/product_tag?post=4612"}],"curies":[{"name":"wp","href":"https:\/\/api.w.org\/{rel}","templated":true}]}}