{"id":4542,"date":"2021-10-08T11:54:54","date_gmt":"2021-10-08T11:55:24","guid":{"rendered":"https:\/\/amberremedia.ee\/?post_type=product&#038;p=4542"},"modified":"2024-01-12T13:17:07","modified_gmt":"2024-01-12T13:17:07","slug":"pshenichnaja","status":"publish","type":"product","link":"https:\/\/amberremedia.ee\/et\/product\/vodka\/pshenichnaja\/","title":{"rendered":"Pshenichnaja"},"content":{"rendered":"<p>Pshenichnaja (eesti k. \u201enisu\u201c) nimelise viina ajalugu ulatub \u00fcle kolmveerand sajandi tagusesse aega. Selle valmistamine p\u00f5hineb traditsioonilise Vene viinavalmistamise meetodil.<\/p>\n<p>Pshenichnaja Vodka v\u00e4lisilme on viimase poole sajandi jooksul p\u00fcsinud sarnane ja viitab pikale ajaloole.<\/p>\n<p>Viina tootmisel on kasutatud p\u00f5hjaranniku paepealse pinnase 55m s\u00fcgavuselt p\u00e4rit looduspuhast p\u00f5hjavett ja kvaliteetset teraviljapiiritust.<\/p>\n<p><a href=\"https:\/\/amberremedia.ee\/wp-content\/uploads\/2023\/08\/4_Pshenichnaya-Vodka.pdf\" target=\"_blank\" rel=\"noopener\">TOOTELEHT (pdf)<\/a><\/p>\n","protected":false},"excerpt":{"rendered":"<p>Pshenichnaja (eesti k. \u201enisu\u201c) nimelise viina ajalugu ulatub \u00fcle kolmveerand sajandi tagusesse aega. Selle valmistamine p\u00f5hineb traditsioonilise Vene viinavalmistamise meetodil. Pshenichnaja Vodka v\u00e4lisilme on viimase poole sajandi jooksul p\u00fcsinud sarnane&#8230;<\/p>\n","protected":false},"featured_media":4533,"template":"","meta":{"inline_featured_image":false},"product_cat":[606],"product_tag":[],"acf":[],"_links":{"self":[{"href":"https:\/\/amberremedia.ee\/et\/wp-json\/wp\/v2\/product\/4542"}],"collection":[{"href":"https:\/\/amberremedia.ee\/et\/wp-json\/wp\/v2\/product"}],"about":[{"href":"https:\/\/amberremedia.ee\/et\/wp-json\/wp\/v2\/types\/product"}],"wp:featuredmedia":[{"embeddable":true,"href":"https:\/\/amberremedia.ee\/et\/wp-json\/wp\/v2\/media\/4533"}],"wp:attachment":[{"href":"https:\/\/amberremedia.ee\/et\/wp-json\/wp\/v2\/media?parent=4542"}],"wp:term":[{"taxonomy":"product_cat","embeddable":true,"href":"https:\/\/amberremedia.ee\/et\/wp-json\/wp\/v2\/product_cat?post=4542"},{"taxonomy":"product_tag","embeddable":true,"href":"https:\/\/amberremedia.ee\/et\/wp-json\/wp\/v2\/product_tag?post=4542"}],"curies":[{"name":"wp","href":"https:\/\/api.w.org\/{rel}","templated":true}]}}