{"id":4435,"date":"2021-10-08T07:49:32","date_gmt":"2021-10-08T07:49:32","guid":{"rendered":"https:\/\/amberremedia.ee\/product\/uncategorized\/talu-viin\/"},"modified":"2024-01-12T13:21:22","modified_gmt":"2024-01-12T13:21:22","slug":"talu-viin","status":"publish","type":"product","link":"https:\/\/amberremedia.ee\/et\/product\/viin\/talu-viin\/","title":{"rendered":"Talu Viin"},"content":{"rendered":"<div>\n<div class=\"x_x_WordSection1\">\n<div><span data-ogsc=\"rgb(53, 83, 98)\" data-ogsb=\"white\">Talu Viin on valmistatud k\u00f5rgekvaliteedilisest teraviljapiiritusest ja tehnoloogiliselt t\u00f6\u00f6deldud veest, mille<span class=\"x_x_Apple-converted-space\" data-ogsc=\"\">\u00a0<\/span><\/span><span data-ogsc=\"rgb(53, 83, 98)\" data-ogsb=\"white\">tulemuseks<\/span><span data-ogsc=\"rgb(53, 83, 98)\" data-ogsb=\"white\"><span class=\"x_x_Apple-converted-space\" data-ogsc=\"\">\u00a0<\/span>on pehme maitse ja viinale iseloomulik aroom.<\/span><\/div>\n<div><\/div>\n<div><a href=\"https:\/\/amberremedia.ee\/wp-content\/uploads\/2024\/01\/6_Talu-Viin.pdf\" target=\"_blank\" rel=\"noopener\">TOOTELEHT (pdf)<\/a><\/div>\n<\/div>\n<\/div>\n","protected":false},"excerpt":{"rendered":"<p>Talu Viin on valmistatud k\u00f5rgekvaliteedilisest teraviljapiiritusest ja tehnoloogiliselt t\u00f6\u00f6deldud veest, mille\u00a0tulemuseks\u00a0on pehme maitse ja viinale iseloomulik aroom. TOOTELEHT (pdf)<\/p>\n","protected":false},"featured_media":5906,"template":"","meta":{"inline_featured_image":false},"product_cat":[606],"product_tag":[],"acf":[],"_links":{"self":[{"href":"https:\/\/amberremedia.ee\/et\/wp-json\/wp\/v2\/product\/4435"}],"collection":[{"href":"https:\/\/amberremedia.ee\/et\/wp-json\/wp\/v2\/product"}],"about":[{"href":"https:\/\/amberremedia.ee\/et\/wp-json\/wp\/v2\/types\/product"}],"wp:featuredmedia":[{"embeddable":true,"href":"https:\/\/amberremedia.ee\/et\/wp-json\/wp\/v2\/media\/5906"}],"wp:attachment":[{"href":"https:\/\/amberremedia.ee\/et\/wp-json\/wp\/v2\/media?parent=4435"}],"wp:term":[{"taxonomy":"product_cat","embeddable":true,"href":"https:\/\/amberremedia.ee\/et\/wp-json\/wp\/v2\/product_cat?post=4435"},{"taxonomy":"product_tag","embeddable":true,"href":"https:\/\/amberremedia.ee\/et\/wp-json\/wp\/v2\/product_tag?post=4435"}],"curies":[{"name":"wp","href":"https:\/\/api.w.org\/{rel}","templated":true}]}}