{"id":5016,"date":"2021-06-03T06:14:37","date_gmt":"2021-06-03T06:14:37","guid":{"rendered":"https:\/\/amberremedia.ee\/privacy-policy\/"},"modified":"2023-06-12T05:16:34","modified_gmt":"2023-06-12T05:16:34","slug":"kupsiste-poliitika","status":"publish","type":"page","link":"https:\/\/amberremedia.ee\/et\/kupsiste-poliitika\/","title":{"rendered":"K\u00fcpsiste poliitika"},"content":{"rendered":"\n<p>K\u00fcpsiste poliitika kirjeldab k\u00fcpsiste kasutamist Amber Remedia veebisaidil <a href=\"http:\/\/www.amberremedia.ee\" target=\"_blank\" data-type=\"URL\" data-id=\"www.amberremedia.ee\" rel=\"noreferrer noopener\">www.amberremedia.ee<\/a> (edaspidi \u201eVeebisait\u201c), nende kasutamise eesm\u00e4rke ning kasutajate \u00f5igusi k\u00fcpsiste kasutamise muutmiseks vastavalt nende vajadustele. K\u00fcpsised aitavad Veebisaidi serveril tuvastada teid, kui te Veebisaiti k\u00fclastate ning kohandada automaatselt sisu vastavalt teie vajadustele. Veebisaidile sisenemisega ja\/v\u00f5i selle sirvimisega n\u00f5ustute k\u00fcpsiste kasutamisega vastavalt k\u00e4esolevale K\u00fcpsiste poliitikale.<\/p>\n\n\n\n<p><strong>Mis on k\u00fcpsised?<\/strong><\/p>\n\n\n\n<p>K\u00fcpsis on v\u00e4ike fail, mis salvestatakse veebibrauserisse, kui k\u00fclastate veebisaiti. Tekstifail sisaldab teavet, mida kasutatakse veebisaidi k\u00fclastaja valitud s\u00e4tete meeldej\u00e4tmiseks, et j\u00e4rgmisel korral ei peaks k\u00fclastaja neid uuesti valima.<\/p>\n\n\n\n<p><strong>Milliseid k\u00fcpsiseid kasutatakse Veebisaidil ja miks neid kasutatakse?<\/strong><\/p>\n\n\n\n<p>Kasutame mitut t\u00fc\u00fcpi k\u00fcpsiseid (p\u00fcsivaid ja ajutisi). Ajutised k\u00fcpsised kustutatakse teie seadmest kohe, kui sulgete veebibrauseri. P\u00fcsivad k\u00fcpsised salvestatakse teie seadmesse kuni nende kustutamiseni v\u00f5i nende aegumiseni. Kasutame k\u00fcpsiseid j\u00e4rgmistel eesm\u00e4rkidel:<\/p>\n\n\n\n<ul>\n<li>Funktsionaalsed k\u00fcpsised. Salvestame teie eelistuste kohta teavet, et kohandada meie Veebisait teie isiklike huvidega. Need k\u00fcpsised salvestatakse teie seadmesse p\u00fcsivalt kuni nende kustutamiseni. Andmete t\u00f6\u00f6tlemise alus \u2013 Veebisaidi k\u00fclastaja n\u00f5usolek.<\/li>\n\n\n\n<li>Kasutaja statistika\/anal\u00fc\u00fctilised k\u00fcpsised. Eesm\u00e4rgiks on saada statistilisi andmeid Veebisaidi kasutuse kohta ja koguda teavet turundustegevuste kohta, n\u00e4iteks k\u00fclastajate arv, veebisaidil veedetud aeg, kasutajate r\u00fchmad ja otsinguvahendid. Teavet kasutatakse anal\u00fc\u00fctilistel eesm\u00e4rkidel, et teada saada, mis huvitab Veebisaidi k\u00fclastajaid ning kuidas parandada Veebisaidi funktsionaalsust ja mugavust. M\u00f5nedel juhtudel hallatakse veebisaidil anal\u00fc\u00fctilisi k\u00fcpsiseid vastavalt Amber Remedia juhistele ja ainult kolmandate osapoolte poolt m\u00e4\u00e4ratud eesm\u00e4rkidele, n\u00e4iteks nagu Google Analytics. Need k\u00fcpsised salvestatakse alates 2 kuni 24 kuuni, m\u00f5nel juhul p\u00fcsivalt v\u00f5i kuni kustutate need. Andmete t\u00f6\u00f6tlemise alus &#8211; veebisaidi k\u00fclastaja n\u00f5usolek.<\/li>\n\n\n\n<li>Reklaami\/sihtr\u00fchma k\u00fcpsised. Eesm\u00e4rgiks on kohandada veebisaidi sisu teie vajadustele ja tagada n\u00f5utava teabe arendamine. Need k\u00fcpsised salvestatakse teie seadmesse p\u00fcsivalt, kuni kustutate need tahtlikult. Teatud juhtudel, n\u00e4iteks tellides veebisaidi uudiskirja, v\u00f5ite esitada teavet enda kohta, mis v\u00f5ib olla suunatud reklaami jaoks. Kui saate suunatud reklaame posti v\u00f5i e-posti teel, v\u00f5ite sellise reklaami saamisest edaspidi loobuda, kl\u00f5psates selleks spetsiaalsel lingil, mis sisaldub teile saadetud e-posti kirjas, v\u00f5i saates kirja aadressile <a href=\"mailto:marketing@amberbev.com\">marketing@amberbev.com<\/a>. Andmete t\u00f6\u00f6tlemise alus &#8211; veebisaidi k\u00fclastaja n\u00f5usolek.<\/li>\n<\/ul>\n\n\n\n<p>K\u00fcpsiseid t\u00f6\u00f6tleb Amber Remedia, seaduslik aadress: M\u00f5isa tee 5, Kiiu, Kuusalu vald, 74604, Harjumaa, Eesti.<\/p>\n\n\n\n<p><strong>Kuidas valida ja muuta k\u00fcpsiste kasutamist?<\/strong><\/p>\n\n\n\n<p>Kui te ei soovi, et k\u00fcpsiseid teie seadmes kasutatakse, saate muuta oma veebibrauseri turvaseadeid. Lisateabe saamiseks k\u00fcpsiste kohta, nende kustutamise ja haldamise kohta, palume p\u00f6\u00f6rduda <a href=\"http:\/\/www.aboutcookies.org\" target=\"_blank\" data-type=\"URL\" data-id=\"www.aboutcookies.org\" rel=\"noreferrer noopener\">www.aboutcookies.org<\/a> v\u00f5i oma veebibrauseri abikeskuse poole.<\/p>\n","protected":false},"excerpt":{"rendered":"<p>K\u00fcpsiste poliitika kirjeldab k\u00fcpsiste kasutamist Amber Remedia veebisaidil www.amberremedia.ee (edaspidi \u201eVeebisait\u201c), nende kasutamise eesm\u00e4rke ning kasutajate \u00f5igusi k\u00fcpsiste kasutamise muutmiseks vastavalt nende vajadustele. K\u00fcpsised aitavad Veebisaidi serveril tuvastada teid, kui&#8230;<\/p>\n","protected":false},"author":1,"featured_media":0,"parent":0,"menu_order":0,"comment_status":"closed","ping_status":"open","template":"","meta":{"inline_featured_image":false},"acf":[],"_links":{"self":[{"href":"https:\/\/amberremedia.ee\/et\/wp-json\/wp\/v2\/pages\/5016"}],"collection":[{"href":"https:\/\/amberremedia.ee\/et\/wp-json\/wp\/v2\/pages"}],"about":[{"href":"https:\/\/amberremedia.ee\/et\/wp-json\/wp\/v2\/types\/page"}],"author":[{"embeddable":true,"href":"https:\/\/amberremedia.ee\/et\/wp-json\/wp\/v2\/users\/1"}],"replies":[{"embeddable":true,"href":"https:\/\/amberremedia.ee\/et\/wp-json\/wp\/v2\/comments?post=5016"}],"version-history":[{"count":3,"href":"https:\/\/amberremedia.ee\/et\/wp-json\/wp\/v2\/pages\/5016\/revisions"}],"predecessor-version":[{"id":5734,"href":"https:\/\/amberremedia.ee\/et\/wp-json\/wp\/v2\/pages\/5016\/revisions\/5734"}],"wp:attachment":[{"href":"https:\/\/amberremedia.ee\/et\/wp-json\/wp\/v2\/media?parent=5016"}],"curies":[{"name":"wp","href":"https:\/\/api.w.org\/{rel}","templated":true}]}}