{"id":4995,"date":"2021-10-13T13:26:28","date_gmt":"2021-10-13T13:26:28","guid":{"rendered":"https:\/\/amberremedia.ee\/history\/"},"modified":"2021-10-13T13:29:24","modified_gmt":"2021-10-13T13:29:24","slug":"ajalugu","status":"publish","type":"page","link":"https:\/\/amberremedia.ee\/et\/ajalugu\/","title":{"rendered":"Ajalugu"},"content":{"rendered":"\n<h2>Eraettev\u00f5te AS Remedia loodi<br>aastal 1994.<\/h2>\n\n\n\n<p id=\"_mcePaste\">AS Remedia on v\u00e4lja kasvanud Kuusalu kolhoosist, mis asus 36 Km kaugusel &nbsp;Eesti pealinnast Tallinnast, kohas nimega Kiiu. Kolhoosi puhul oli ametliku versiooni j\u00e4rgi tegemist vabatahtlikusel p\u00f5hineva \u00fchendusega, kus tootmisvahendid ja t\u00f6\u00f6 olid formaalselt \u00fchiselt kolhoosnike omand ja ainult maa kuulus riigile. Kolhoosid tegelesid reeglina p\u00f5llumajandussaaduste tootmisega.<\/p>\n\n\n\n<div class=\"wp-block-image\"><figure class=\"aligncenter size-full\"><img decoding=\"async\" loading=\"lazy\" width=\"327\" height=\"234\" src=\"https:\/\/amberremedia.ee\/wp-content\/uploads\/2021\/10\/History01.jpg\" alt=\"\" class=\"wp-image-4991\" srcset=\"https:\/\/amberremedia.ee\/wp-content\/uploads\/2021\/10\/History01.jpg 327w, https:\/\/amberremedia.ee\/wp-content\/uploads\/2021\/10\/History01-300x215.jpg 300w, https:\/\/amberremedia.ee\/wp-content\/uploads\/2021\/10\/History01-74x53.jpg 74w, https:\/\/amberremedia.ee\/wp-content\/uploads\/2021\/10\/History01-260x186.jpg 260w\" sizes=\"(max-width: 327px) 100vw, 327px\" \/><\/figure><\/div>\n\n\n\n<p>Erinevalt riigit\u00f6\u00f6tajatest oli kolhoosnike kuupalk m\u00e4rkimisv\u00e4\u00e4rselt k\u00f5rgem ja sellelt ei arvestatud maha tulumaksu.Kolhooside direktorid ehk esimehed nagu neid tollajal kutsuti, omasid ettev\u00f5tte majandamisel tunduvalt suuremat vabadust, kui riigisektori ettev\u00f5tete juhid.<\/p>\n\n\n\n<p>Paljud energilised ja etten\u00e4gelikud esimehed oskasid seda eelist kasutada ja paigutasid kolhoosi raha tulutoovatesse t\u00fctarettev\u00f5tetesse. Loomulikult oli selleks vaja k\u00f5rgetel kohtadel olevate parteiametnike n\u00f5usolekut, kuid neil ka oli mille \u00fcle uhkust tunda.<\/p>\n\n\n\n<p>1969 aasta s\u00fcgisel loodi esimene sellesarnane ettev\u00f5te, mis kandis nime \u201eEstron\u201c &nbsp;ja see tegeles Eesti p\u00f5llumajanduses kasutatavate elektronseadmete tootmisega. Aastaks 1972 teadis sellest ettev\u00f5ttest terve NSVL ja tellimusi tuli isegi Kosmoseuuringute Instituuudist. ESTRONis koostati ka esimene NSVL personaalarvuti nimega \u201eJuku\u201c.<\/p>\n\n\n\n<p>Ajast ette j\u00f5udes hakati 1978 aasta kevadel tegelemea biotehnoloogiliste uuringutega ja aastal 1979 loodi &nbsp;omaette \u00fcksus nimega \u201eBioEstron\u201c &nbsp;mis sai liidriks biotehnoloogiliste uuringute alal ja \u00fcleliiduliste uuringute katsebaasiks. Vadakup\u00f5hise s\u00f6\u00f6dap\u00e4rmi v\u00e4ljat\u00f6\u00f6tamise eest sai ettev\u00f5te ka NSVLiidu riikliku preemia osaliseks.<\/p>\n\n\n\n<p>Gorbatshovi kuiva seaduse ajal toimusid suured muudatused alkoholit\u00f6\u00f6stuses ja tootmine, kui selline praktiliselt seiskus ja oli h\u00e4vingu \u00e4\u00e4rel. Just sellel \u201ekuiva seaduse\u201c perioodil &nbsp;otsustab \u201eBioEstron\u201c &nbsp;hakata tegelema alkohoolsete jookide tootmisega &nbsp;ja saab esimese ettev\u00f5ttena litsensi &nbsp;alkoholi tootmiseks riikliku ettev\u00f5tte \u201eLiviko\u201c k\u00f5rval.<\/p>\n\n\n\n<p>Saades esialgu litsentsi vaid lahjade alkohoolsete jookide tootmiseks, toob ettev\u00f5te 1990 aasta suvel turule munalik\u00f6\u00f6ri\u00a0<a href=\"https:\/\/amberremedia.ee\/product\/kiiu-torn-munalikoor\/\">\u201eKiiu Torn\u201c<\/a>\u00a0mida valmistati naturaalsetest munakollastest. Algup\u00e4rane retsept t\u00f6\u00f6tati v\u00e4lja koost\u00f6\u00f6s Tallinna Tehnika\u00fclikooliga.<\/p>\n\n\n\n<p>Nimeks sai vana arhitektuuri-m\u00e4lestis, mis rajati XVI sajandil. Lik\u00f6\u00f6ri valmistamisel kasutati, aga samu seadmeid mis olid t\u00f6\u00f6s ka ts\u00fcklo-dekstriinide valmistamisel.S\u00f6\u00f6dap\u00e4rmide kasvatamiseks kasutatavad paagid sobisid ideaalselt marjalik\u00f6\u00f6ride valmistamiseks, nii tuli s\u00fcgisel 1990 turule j\u00f5hvikalik\u00f6\u00f6r.1991. aastal, koheselt peale vabariigi v\u00e4ljakuulutamist ettev\u00f5te erastati.1992. aastal v\u00f5eti ettev\u00f5te \u00e4riregistris arvele kui AS Remedia.1994. aastal sai AS Remedia esimese eraettev\u00f5ttena alkohoolsete jookide tootmise litsentsi. Selle s\u00fcndmusega oli riiklik monopol alkoholi toomises murtud. T\u00e4histamaks seda, ilmus turule AS Remedia uus kaubam\u00e4rk: \u201e Monopol Vodka\u201c.Mitmete aastate v\u00e4ltel on ettev\u00f5te investeerinud &nbsp;oma vahendeid tootmise uuendamiseks ja tehnologia kaasajastamiseks. Itaaliast on soetatud uus villimisliin, poolautomaatne tootmisliin on tellimust\u00f6\u00f6na projekteeritud ja tehtud Soomes, destilleerimisseadmed aga USAs, Taanis ja Soomes.Filtreerimesel kasutatakse nii Saksa kui Jaapnai s\u00f6efiltreid.Joogid &nbsp;villitakse Soome, Iiri, Itaalia, Saksa, T\u0161ehhi ja teiste tootjariikide taaras.Pakendi kujundus t\u00f6\u00f6datakse v\u00e4lja Eestis ja vajadusel ka v\u00e4ljaspool vabariiki.<\/p>\n\n\n\n<p>AS Remedia personal omab pikaajalist t\u00f6\u00f6kogemust ja suurep\u00e4rast v\u00e4lja\u00f5pet. Laboratooriumis on k\u00f5ik vajalik, et kontrollida ja tagada toodete vastavus eurostandardiga.<\/p>\n\n\n\n<p>K\u00f5ik tooted vastavad EU EC110\/2008 n\u00f5uetele.<\/p>\n\n\n\n<h2>T\u00e4nase p\u00e4eva seisuga kuulub AS Remedia kolme Eesti suurema alkoholitootja hulka.<\/h2>\n\n\n\n<p>AS Remedia sortimendis on: viinad, aromatiseeritud viinad (flavoured vodka), d\u017einnid, naturaalsed marja- ja puuviljalik\u00f6\u00f6rid, \u00fcrdilik\u00f6\u00f6rid ja palsamid. Samuti leiab nimekirjast koorelik\u00f6\u00f6ri ja naturaalse munalik\u00f6\u00f6ri.<\/p>\n\n\n\n<p>Remedia tooted on v\u00f5itnud rahvusvahelise tunnustatuse&nbsp;ning saanud&nbsp;nimekatel alkoholiv\u00f5istlustel k\u00f5rgeid auhindu.<\/p>\n\n\n\n<p>Paindlik hinnas\u00fcsteem on \u00fcles ehitatud vastavalt klientide eelistustele retseptuuris, tehnologias ja taara suuruses ning etiketi kujunduses.<\/p>\n\n\n\n<p>AS Remedia on usaldusv\u00e4\u00e4rne koost\u00f6\u00f6parter ettev\u00f5tetele, kes soovivad luua oma privat label\u2019i ehk kaubam\u00e4rki v\u00f5i kohandada juba toimivat br\u00e4ndi muutuva turu tingimustele. Koost\u00f6\u00f6s meie spetsialistidega loote kas uue br\u00e4ndi v\u00f5i vahetate olemasoleva disaini uue ja kaasaegsama vastu.<\/p>\n","protected":false},"excerpt":{"rendered":"<p>Eraettev\u00f5te AS Remedia loodiaastal 1994. AS Remedia on v\u00e4lja kasvanud Kuusalu kolhoosist, mis asus 36 Km kaugusel &nbsp;Eesti pealinnast Tallinnast, kohas nimega Kiiu. Kolhoosi puhul oli ametliku versiooni j\u00e4rgi tegemist&#8230;<\/p>\n","protected":false},"author":1,"featured_media":0,"parent":0,"menu_order":0,"comment_status":"closed","ping_status":"closed","template":"","meta":{"inline_featured_image":false},"acf":[],"_links":{"self":[{"href":"https:\/\/amberremedia.ee\/et\/wp-json\/wp\/v2\/pages\/4995"}],"collection":[{"href":"https:\/\/amberremedia.ee\/et\/wp-json\/wp\/v2\/pages"}],"about":[{"href":"https:\/\/amberremedia.ee\/et\/wp-json\/wp\/v2\/types\/page"}],"author":[{"embeddable":true,"href":"https:\/\/amberremedia.ee\/et\/wp-json\/wp\/v2\/users\/1"}],"replies":[{"embeddable":true,"href":"https:\/\/amberremedia.ee\/et\/wp-json\/wp\/v2\/comments?post=4995"}],"version-history":[{"count":1,"href":"https:\/\/amberremedia.ee\/et\/wp-json\/wp\/v2\/pages\/4995\/revisions"}],"predecessor-version":[{"id":4998,"href":"https:\/\/amberremedia.ee\/et\/wp-json\/wp\/v2\/pages\/4995\/revisions\/4998"}],"wp:attachment":[{"href":"https:\/\/amberremedia.ee\/et\/wp-json\/wp\/v2\/media?parent=4995"}],"curies":[{"name":"wp","href":"https:\/\/api.w.org\/{rel}","templated":true}]}}