{"id":6027,"date":"2024-05-31T11:50:11","date_gmt":"2024-05-31T11:50:11","guid":{"rendered":"https:\/\/amberremedia.ee\/?post_type=product&#038;p=6027"},"modified":"2024-08-15T06:06:48","modified_gmt":"2024-08-15T06:06:48","slug":"pierre-devant-vsop","status":"publish","type":"product","link":"https:\/\/amberremedia.ee\/en\/product\/brandi\/pierre-devant-vsop\/","title":{"rendered":"Pierre Devant VSOP"},"content":{"rendered":"<p>Pierre Devant VSOP on kirkalt merevaigukarva jook, mille retseptis on kasutatud ehtsat Prantsuse br\u00e4ndit. Aroomis t\u00f5usevad s\u00e4ravalt esile kreemjas toffee ja magus marmelaad, mida toetab \u00fclek\u00fcpsenud melon. P\u00f5neva kontrasti loob magusa vanilje ahvatlev aroom.<\/p>\n<p>Maitselt on jook pehme ja tekstuurilt siidine. On tunda aroomis tuttavaid vilju, pisut kaneeli. J\u00e4relmaitses domineerib \u00f5rn r\u00f6stine m\u00f5rusus, mis annab joogile hea tasakaalu.<\/p>\n","protected":false},"excerpt":{"rendered":"<p>Pierre Devant VSOP on kirkalt merevaigukarva jook, mille retseptis on kasutatud ehtsat Prantsuse br\u00e4ndit. Aroomis t\u00f5usevad s\u00e4ravalt esile kreemjas toffee ja magus marmelaad, mida toetab \u00fclek\u00fcpsenud melon. P\u00f5neva kontrasti loob&#8230;<\/p>\n","protected":false},"featured_media":6040,"template":"","meta":{"inline_featured_image":false},"product_cat":[654,735],"product_tag":[],"acf":[],"_links":{"self":[{"href":"https:\/\/amberremedia.ee\/en\/wp-json\/wp\/v2\/product\/6027"}],"collection":[{"href":"https:\/\/amberremedia.ee\/en\/wp-json\/wp\/v2\/product"}],"about":[{"href":"https:\/\/amberremedia.ee\/en\/wp-json\/wp\/v2\/types\/product"}],"wp:featuredmedia":[{"embeddable":true,"href":"https:\/\/amberremedia.ee\/en\/wp-json\/wp\/v2\/media\/6040"}],"wp:attachment":[{"href":"https:\/\/amberremedia.ee\/en\/wp-json\/wp\/v2\/media?parent=6027"}],"wp:term":[{"taxonomy":"product_cat","embeddable":true,"href":"https:\/\/amberremedia.ee\/en\/wp-json\/wp\/v2\/product_cat?post=6027"},{"taxonomy":"product_tag","embeddable":true,"href":"https:\/\/amberremedia.ee\/en\/wp-json\/wp\/v2\/product_tag?post=6027"}],"curies":[{"name":"wp","href":"https:\/\/api.w.org\/{rel}","templated":true}]}}