{"id":5874,"date":"2023-10-27T10:50:46","date_gmt":"2023-10-27T10:50:46","guid":{"rendered":"https:\/\/amberremedia.ee\/?post_type=product&#038;p=5874"},"modified":"2024-01-12T13:26:12","modified_gmt":"2024-01-12T13:26:12","slug":"piprasnaps-kadaka","status":"publish","type":"product","link":"https:\/\/amberremedia.ee\/en\/product\/muu-alkohol\/piprasnaps-kadaka\/","title":{"rendered":"Piprasnaps Kadaka"},"content":{"rendered":"<p>Piprasnaps Kadaka valmistamisel on kasutatud erinevaid pipraid: t\u0161illipipar, must pipar, kubeebapipar ja jalapeno.<\/p>\n<p>Kergelt m\u00f5rkja j\u00e4relmaitse lisavad kadakamarjad.<\/p>\n<p><a href=\"https:\/\/amberremedia.ee\/wp-content\/uploads\/2024\/01\/23_01_Piprasnaps-Kadaka.pdf\" target=\"_blank\" rel=\"noopener\">TOOTELEHT (pdf)<\/a><\/p>\n","protected":false},"excerpt":{"rendered":"<p>Piprasnaps Kadaka valmistamisel on kasutatud erinevaid pipraid: t\u0161illipipar, must pipar, kubeebapipar ja jalapeno. Kergelt m\u00f5rkja j\u00e4relmaitse lisavad kadakamarjad. TOOTELEHT (pdf)<\/p>\n","protected":false},"featured_media":5868,"template":"","meta":{"inline_featured_image":false},"product_cat":[735],"product_tag":[],"acf":[],"_links":{"self":[{"href":"https:\/\/amberremedia.ee\/en\/wp-json\/wp\/v2\/product\/5874"}],"collection":[{"href":"https:\/\/amberremedia.ee\/en\/wp-json\/wp\/v2\/product"}],"about":[{"href":"https:\/\/amberremedia.ee\/en\/wp-json\/wp\/v2\/types\/product"}],"wp:featuredmedia":[{"embeddable":true,"href":"https:\/\/amberremedia.ee\/en\/wp-json\/wp\/v2\/media\/5868"}],"wp:attachment":[{"href":"https:\/\/amberremedia.ee\/en\/wp-json\/wp\/v2\/media?parent=5874"}],"wp:term":[{"taxonomy":"product_cat","embeddable":true,"href":"https:\/\/amberremedia.ee\/en\/wp-json\/wp\/v2\/product_cat?post=5874"},{"taxonomy":"product_tag","embeddable":true,"href":"https:\/\/amberremedia.ee\/en\/wp-json\/wp\/v2\/product_tag?post=5874"}],"curies":[{"name":"wp","href":"https:\/\/api.w.org\/{rel}","templated":true}]}}