{"id":5617,"date":"2023-06-01T10:47:22","date_gmt":"2023-06-01T10:47:22","guid":{"rendered":"https:\/\/amberremedia.ee\/?post_type=product&#038;p=5617"},"modified":"2024-01-12T14:21:02","modified_gmt":"2024-01-12T14:21:02","slug":"reval-vodka","status":"publish","type":"product","link":"https:\/\/amberremedia.ee\/en\/product\/viin\/reval-vodka\/","title":{"rendered":"REVAL VODKA"},"content":{"rendered":"<p>Reval Vodka \u00fchendab endas ajaloolise p\u00e4randi, Eestimaa puutumatu ja \u00fcrgse looduse ning Remedia viinameistrite kogemused ja meisterlikkuse.<\/p>\n<p>Valmistatud p\u00f5hjaranniku paepealse pinnase 55m s\u00fcgavuselt p\u00e4rit looduspuhtast p\u00f5hjaveest ja kvaliteetsest teraviljapiiritusest kasutades s\u00f6efiltreerimise tehnoloogiat.<\/p>\n<p class=\"p1\"><a href=\"https:\/\/amberremedia.ee\/wp-content\/uploads\/2023\/08\/1_Reval-Vodka.pdf\" target=\"_blank\" rel=\"noopener\">TOOTELEHT (pdf)<\/a><\/p>\n","protected":false},"excerpt":{"rendered":"<p>Reval Vodka \u00fchendab endas ajaloolise p\u00e4randi, Eestimaa puutumatu ja \u00fcrgse looduse ning Remedia viinameistrite kogemused ja meisterlikkuse. Valmistatud p\u00f5hjaranniku paepealse pinnase 55m s\u00fcgavuselt p\u00e4rit looduspuhtast p\u00f5hjaveest ja kvaliteetsest teraviljapiiritusest kasutades&#8230;<\/p>\n","protected":false},"featured_media":5708,"template":"","meta":{"inline_featured_image":false},"product_cat":[606],"product_tag":[],"acf":[],"_links":{"self":[{"href":"https:\/\/amberremedia.ee\/en\/wp-json\/wp\/v2\/product\/5617"}],"collection":[{"href":"https:\/\/amberremedia.ee\/en\/wp-json\/wp\/v2\/product"}],"about":[{"href":"https:\/\/amberremedia.ee\/en\/wp-json\/wp\/v2\/types\/product"}],"wp:featuredmedia":[{"embeddable":true,"href":"https:\/\/amberremedia.ee\/en\/wp-json\/wp\/v2\/media\/5708"}],"wp:attachment":[{"href":"https:\/\/amberremedia.ee\/en\/wp-json\/wp\/v2\/media?parent=5617"}],"wp:term":[{"taxonomy":"product_cat","embeddable":true,"href":"https:\/\/amberremedia.ee\/en\/wp-json\/wp\/v2\/product_cat?post=5617"},{"taxonomy":"product_tag","embeddable":true,"href":"https:\/\/amberremedia.ee\/en\/wp-json\/wp\/v2\/product_tag?post=5617"}],"curies":[{"name":"wp","href":"https:\/\/api.w.org\/{rel}","templated":true}]}}